{"id":293,"date":"2020-04-21T22:27:24","date_gmt":"2020-04-21T19:27:24","guid":{"rendered":"https:\/\/wallpr.wordpress.com\/?page_id=6"},"modified":"2024-09-18T18:12:35","modified_gmt":"2024-09-18T18:12:35","slug":"blog","status":"publish","type":"page","link":"https:\/\/wallprd.com\/","title":{"rendered":"We are a technology consultancy team with 42 years of experience &amp; extraordinary people"},"content":{"rendered":"\n<div class=\"wp-block-group\"><div class=\"wp-block-group__inner-container is-layout-constrained wp-block-group-is-layout-constrained\">\n<h3 class=\"wp-block-heading has-text-align-left has-black-color has-text-color has-background has-regular-font-size\" id=\"block-ac377cd2-eb09-46ca-b8de-b1aceeed786c\" style=\"background:linear-gradient(135deg,rgb(252,185,0) 31%,rgb(255,105,0) 100%)\">PROJECT &amp; STAGE<br>SHOW TECHNOLOGY DESIGN.<\/h3>\n<\/div><\/div>\n\n\n\n<figure class=\"wp-block-embed is-type-video is-provider-youtube wp-block-embed-youtube wp-embed-aspect-16-9 wp-has-aspect-ratio\"><div class=\"wp-block-embed__wrapper\">\n<iframe loading=\"lazy\" title=\"WALLprd Technology Consultancy\" width=\"788\" height=\"443\" src=\"https:\/\/www.youtube.com\/embed\/QFnlpwn0Xk8?feature=oembed\" frameborder=\"0\" allow=\"accelerometer; autoplay; clipboard-write; encrypted-media; gyroscope; picture-in-picture; web-share\" allowfullscreen><\/iframe>\n<\/div><\/figure>\n\n\n\n<div class=\"wp-block-group\"><div class=\"wp-block-group__inner-container is-layout-flow wp-block-group-is-layout-flow\">\n<div class=\"wp-block-columns is-layout-flex wp-container-core-columns-is-layout-1 wp-block-columns-is-layout-flex\">\n<div class=\"wp-block-column is-layout-flow wp-block-column-is-layout-flow\" style=\"flex-basis:23%\"><\/div>\n\n\n\n<div class=\"wp-block-column is-layout-flow wp-block-column-is-layout-flow\" style=\"flex-basis:77%\">\n<div class=\"wp-block-button alignleft is-style-outline is-style-outline--1\"><a class=\"wp-block-button__link wp-element-button\" href=\"mailto:cem@wallprd.com\" style=\"border-radius:10px\">e-mail send<\/a><\/div>\n\n\n\n<p>Technology Consultancy Application Education 2024<\/p>\n<\/div>\n<\/div>\n\n\n\n<p class=\"has-drop-cap\" style=\"font-size:14px\">AVM,Sinema, tiyatro, hotel Balo salonu, konferans, toplant\u0131 salonlar\u0131, k\u00fclt\u00fcr merkezleri, akustik, elektro akustik proje sim\u00fclasyonu. Proje dan\u0131\u015fmanl\u0131\u011f\u0131, e\u011fitim ve uygulamalar\u0131. Alanlar\u0131nda Uzman ofis ve saha kadrosu.<br>application &amp; education<\/p>\n\n\n\n<figure class=\"wp-block-gallery has-nested-images columns-3 is-cropped wp-block-gallery-2 is-layout-flex wp-block-gallery-is-layout-flex\">\n<figure class=\"wp-block-image size-large\"><img loading=\"lazy\" decoding=\"async\" width=\"305\" height=\"305\" src=\"http:\/\/wallprd.com\/wp-content\/uploads\/2020\/04\/cem23.png\" alt=\"\" class=\"wp-image-248\" srcset=\"https:\/\/wallprd.com\/wp-content\/uploads\/2020\/04\/cem23.png 305w, https:\/\/wallprd.com\/wp-content\/uploads\/2020\/04\/cem23-300x300.png 300w, https:\/\/wallprd.com\/wp-content\/uploads\/2020\/04\/cem23-150x150.png 150w\" sizes=\"auto, (max-width: 305px) 100vw, 305px\" \/><figcaption class=\"wp-element-caption\">Cem ATIK<\/figcaption><\/figure>\n\n\n\n<figure class=\"wp-block-image size-large\"><img loading=\"lazy\" decoding=\"async\" width=\"300\" height=\"300\" src=\"http:\/\/wallprd.com\/wp-content\/uploads\/2020\/04\/selim23-1.png\" alt=\"ss\" class=\"wp-image-262\" srcset=\"https:\/\/wallprd.com\/wp-content\/uploads\/2020\/04\/selim23-1.png 300w, https:\/\/wallprd.com\/wp-content\/uploads\/2020\/04\/selim23-1-150x150.png 150w\" sizes=\"auto, (max-width: 300px) 100vw, 300px\" \/><figcaption class=\"wp-element-caption\">Selim TOSUN<\/figcaption><\/figure>\n\n\n\n<figure class=\"wp-block-image size-large\"><img loading=\"lazy\" decoding=\"async\" width=\"300\" height=\"300\" src=\"http:\/\/wallprd.com\/wp-content\/uploads\/2020\/04\/ec-04.png\" alt=\"\" class=\"wp-image-258\" srcset=\"https:\/\/wallprd.com\/wp-content\/uploads\/2020\/04\/ec-04.png 300w, https:\/\/wallprd.com\/wp-content\/uploads\/2020\/04\/ec-04-150x150.png 150w\" sizes=\"auto, (max-width: 300px) 100vw, 300px\" \/><figcaption class=\"wp-element-caption\">EmreCan ARASAN<\/figcaption><\/figure>\n\n\n\n<figure class=\"wp-block-image size-large\"><img loading=\"lazy\" decoding=\"async\" width=\"300\" height=\"300\" src=\"http:\/\/wallprd.com\/wp-content\/uploads\/2020\/04\/murat23-1.png\" alt=\"\" class=\"wp-image-263\" srcset=\"https:\/\/wallprd.com\/wp-content\/uploads\/2020\/04\/murat23-1.png 300w, https:\/\/wallprd.com\/wp-content\/uploads\/2020\/04\/murat23-1-150x150.png 150w\" sizes=\"auto, (max-width: 300px) 100vw, 300px\" \/><figcaption class=\"wp-element-caption\">Murat ALACAGERGIN<\/figcaption><\/figure>\n\n\n\n<figure class=\"wp-block-image size-large\"><img loading=\"lazy\" decoding=\"async\" width=\"300\" height=\"300\" src=\"http:\/\/wallprd.com\/wp-content\/uploads\/2020\/04\/servet23.png\" alt=\"\" class=\"wp-image-254\" srcset=\"https:\/\/wallprd.com\/wp-content\/uploads\/2020\/04\/servet23.png 300w, https:\/\/wallprd.com\/wp-content\/uploads\/2020\/04\/servet23-150x150.png 150w\" sizes=\"auto, (max-width: 300px) 100vw, 300px\" \/><figcaption class=\"wp-element-caption\">Servet BAYINDIR<\/figcaption><\/figure>\n\n\n\n<figure class=\"wp-block-image size-large\"><img loading=\"lazy\" decoding=\"async\" width=\"300\" height=\"300\" src=\"http:\/\/wallprd.com\/wp-content\/uploads\/2020\/04\/nurettin.png\" alt=\"\" class=\"wp-image-252\" srcset=\"https:\/\/wallprd.com\/wp-content\/uploads\/2020\/04\/nurettin.png 300w, https:\/\/wallprd.com\/wp-content\/uploads\/2020\/04\/nurettin-150x150.png 150w\" sizes=\"auto, (max-width: 300px) 100vw, 300px\" \/><figcaption class=\"wp-element-caption\">Nurettin CENGIZ<\/figcaption><\/figure>\n\n\n\n<figure class=\"wp-block-image size-large\"><img loading=\"lazy\" decoding=\"async\" width=\"300\" height=\"300\" src=\"http:\/\/wallprd.com\/wp-content\/uploads\/2020\/04\/ozgur-tok01.png\" alt=\"\" class=\"wp-image-246\" srcset=\"https:\/\/wallprd.com\/wp-content\/uploads\/2020\/04\/ozgur-tok01.png 300w, https:\/\/wallprd.com\/wp-content\/uploads\/2020\/04\/ozgur-tok01-150x150.png 150w\" sizes=\"auto, (max-width: 300px) 100vw, 300px\" \/><figcaption class=\"wp-element-caption\">Aslan \u00d6zg\u00fcr TOK<\/figcaption><\/figure>\n\n\n\n<figure class=\"wp-block-image size-large\"><img loading=\"lazy\" decoding=\"async\" width=\"300\" height=\"300\" src=\"http:\/\/wallprd.com\/wp-content\/uploads\/2020\/04\/aytug.png\" alt=\"\" class=\"wp-image-245\" srcset=\"https:\/\/wallprd.com\/wp-content\/uploads\/2020\/04\/aytug.png 300w, https:\/\/wallprd.com\/wp-content\/uploads\/2020\/04\/aytug-150x150.png 150w\" sizes=\"auto, (max-width: 300px) 100vw, 300px\" \/><figcaption class=\"wp-element-caption\">Aytu\u011f BIYIKO\u011eLU<\/figcaption><\/figure>\n\n\n\n<figure class=\"wp-block-image size-large\"><img loading=\"lazy\" decoding=\"async\" width=\"300\" height=\"300\" src=\"http:\/\/wallprd.com\/wp-content\/uploads\/2020\/04\/osman_aktan23.png\" alt=\"\" class=\"wp-image-253\" srcset=\"https:\/\/wallprd.com\/wp-content\/uploads\/2020\/04\/osman_aktan23.png 300w, https:\/\/wallprd.com\/wp-content\/uploads\/2020\/04\/osman_aktan23-150x150.png 150w\" sizes=\"auto, (max-width: 300px) 100vw, 300px\" \/><figcaption class=\"wp-element-caption\">Osman AKTAN<\/figcaption><\/figure>\n\n\n\n<figure class=\"wp-block-image size-large\"><img loading=\"lazy\" decoding=\"async\" width=\"300\" height=\"300\" src=\"http:\/\/wallprd.com\/wp-content\/uploads\/2020\/04\/levent2-1.png\" alt=\"\" class=\"wp-image-251\" srcset=\"https:\/\/wallprd.com\/wp-content\/uploads\/2020\/04\/levent2-1.png 300w, https:\/\/wallprd.com\/wp-content\/uploads\/2020\/04\/levent2-1-150x150.png 150w\" sizes=\"auto, (max-width: 300px) 100vw, 300px\" \/><figcaption class=\"wp-element-caption\">Levent \u00dcST\u00dcNER<\/figcaption><\/figure>\n\n\n\n<figure class=\"wp-block-image size-large\"><img loading=\"lazy\" decoding=\"async\" width=\"300\" height=\"300\" src=\"http:\/\/wallprd.com\/wp-content\/uploads\/2020\/04\/inanc_23.png\" alt=\"\" class=\"wp-image-257\" srcset=\"https:\/\/wallprd.com\/wp-content\/uploads\/2020\/04\/inanc_23.png 300w, https:\/\/wallprd.com\/wp-content\/uploads\/2020\/04\/inanc_23-150x150.png 150w\" sizes=\"auto, (max-width: 300px) 100vw, 300px\" \/><figcaption class=\"wp-element-caption\">\u0130nan\u00e7 YANIDO\u011eAN<\/figcaption><\/figure>\n\n\n\n<figure class=\"wp-block-image size-large\"><img loading=\"lazy\" decoding=\"async\" width=\"300\" height=\"300\" src=\"http:\/\/wallprd.com\/wp-content\/uploads\/2020\/04\/iskender23.png\" alt=\"\" class=\"wp-image-250\" srcset=\"https:\/\/wallprd.com\/wp-content\/uploads\/2020\/04\/iskender23.png 300w, https:\/\/wallprd.com\/wp-content\/uploads\/2020\/04\/iskender23-150x150.png 150w\" sizes=\"auto, (max-width: 300px) 100vw, 300px\" \/><figcaption class=\"wp-element-caption\">Iskender KAYA<\/figcaption><\/figure>\n\n\n\n<figure class=\"wp-block-image size-large\"><img loading=\"lazy\" decoding=\"async\" width=\"300\" height=\"300\" src=\"http:\/\/wallprd.com\/wp-content\/uploads\/2020\/04\/ender-dinler01.png\" alt=\"\" class=\"wp-image-249\" srcset=\"https:\/\/wallprd.com\/wp-content\/uploads\/2020\/04\/ender-dinler01.png 300w, https:\/\/wallprd.com\/wp-content\/uploads\/2020\/04\/ender-dinler01-150x150.png 150w\" sizes=\"auto, (max-width: 300px) 100vw, 300px\" \/><figcaption class=\"wp-element-caption\">Ender DINLER<\/figcaption><\/figure>\n\n\n\n<figure class=\"wp-block-image size-thumbnail\"><img loading=\"lazy\" decoding=\"async\" width=\"150\" height=\"150\" src=\"http:\/\/wallprd.com\/wp-content\/uploads\/2020\/04\/wall-150x150.png\" alt=\"\" class=\"wp-image-63\" srcset=\"https:\/\/wallprd.com\/wp-content\/uploads\/2020\/04\/wall-150x150.png 150w, https:\/\/wallprd.com\/wp-content\/uploads\/2020\/04\/wall-300x300.png 300w, https:\/\/wallprd.com\/wp-content\/uploads\/2020\/04\/wall.png 400w\" sizes=\"auto, (max-width: 150px) 100vw, 150px\" \/><\/figure>\n\n\n\n<figure class=\"wp-block-image size-large\"><img loading=\"lazy\" decoding=\"async\" width=\"1024\" height=\"261\" src=\"http:\/\/wallprd.com\/wp-content\/uploads\/2020\/04\/service-1024x261.jpg\" alt=\"\" class=\"wp-image-159\" srcset=\"https:\/\/wallprd.com\/wp-content\/uploads\/2020\/04\/service-1024x261.jpg 1024w, https:\/\/wallprd.com\/wp-content\/uploads\/2020\/04\/service-300x77.jpg 300w, https:\/\/wallprd.com\/wp-content\/uploads\/2020\/04\/service-768x196.jpg 768w, https:\/\/wallprd.com\/wp-content\/uploads\/2020\/04\/service.jpg 1140w\" sizes=\"auto, (max-width: 1024px) 100vw, 1024px\" \/><\/figure>\n<\/figure>\n<\/div><\/div>\n\n\n\n<p class=\"has-accent-background-color has-background has-medium-font-size\">CONSULTANCY<\/p>\n\n\n\n<p style=\"font-size:14px\">35. Y\u0131ll\u0131k tecr\u00fcbesi ile WALLprd ekibi, sistem tasar\u0131m\u0131 ve dan\u0131\u015fmanl\u0131k hizmetleri ile sorular\u0131n\u0131z yan\u0131t\u0131, taleplerinizin \u00e7\u00f6z\u00fcm orta\u011f\u0131 oluyor. Siz sadece bizim bilgi ve tecr\u00fcbelerimize ihtiyac\u0131n\u0131z oldu\u011funu fark edin hayallerinizi payla\u015f\u0131n ve gerisini bize b\u0131rak\u0131n!<\/p>\n\n\n\n<p class=\"has-accent-background-color has-background has-medium-font-size\">ACOUSTIC DESIGN<\/p>\n\n\n\n<p style=\"font-size:14px\">Salon ve A\u00e7\u0131k Alanlarda Akustik Proje haz\u0131rlanmas\u0131, \u015fantiye uygulama kontrol\u00f6rl\u00fc\u011f\u00fc, uygulama sonras\u0131 akustik \u00f6l\u00e7\u00fcmler ve raporlama. G\u00fcr\u00fclt\u00fc kontrol\u00fc projeleri, hacim akusti\u011fi projeleri, ses yal\u0131t\u0131m projeleri ve daha fazlas\u0131.<\/p>\n\n\n\n<p class=\"has-accent-background-color has-background has-medium-font-size\">EDUCATION &#8211; APPLICATION<\/p>\n\n\n\n<p style=\"font-size:14px\">G\u00fcncel teknoloji ekipmanlar\u0131 i\u00e7in uygulamal\u0131 alanda e\u011fitim. Ses sistemleri, \u0131\u015f\u0131k sistemleri, g\u00f6r\u00fcnt\u00fc sistemleri, sahne ekipmanlar\u0131, otomasyon sistemleri, acil anons sistemleri ve benzeri ekipmanlar\u0131n tek ve \u00e7oklu kombinasyonlar\u0131n\u0131 i\u00e7erir.<\/p>\n\n\n\n<p class=\"has-accent-background-color has-background has-medium-font-size\">PROJECT DESIGN<\/p>\n\n\n\n<p style=\"font-size:14px\">WALLPrd, uzman teknik kadrosu ile T\u00fcrkiye\u2019de, yurtd\u0131\u015f\u0131nda ise muhtelif ofislerde hizmet sonras\u0131nda da g\u00fcvenceyi garanti ediyor. Profesyonel ses, g\u00f6r\u00fcnt\u00fc, otomasyon ve sahne \u0131\u015f\u0131k sistemlerinin uygulama projesi, ihale \u015fartname, BOQ haz\u0131rlanmas\u0131.<\/p>\n\n\n\n<p class=\"has-black-color has-text-color has-normal-font-size\">Siz sadece bizim bilgi ve tecr\u00fcbelerimize ihtiyac\u0131n\u0131z\u0131 fark edin hayallerinizi payla\u015f\u0131n ve gerisini bize b\u0131rak\u0131n!<\/p>\n\n\n\n<p style=\"font-size:14px\">E\u011flenceden al\u0131\u015fveri\u015fe, i\u015f d\u00fcnyas\u0131ndan \u00f6zel taleplerinize t\u00fcm turizm AVM, ofis, konser, veya toplant\u0131 salonu gibi alanlar\u0131n\u0131z\u0131n gereksinimi olan AV-Multimedya, Sahne ve g\u00fcvenlik sistemlerinizde gelece\u011fi yakalay\u0131n. Ba\u015far\u0131 ile tamamlanm\u0131\u015f y\u00fczlerce projenin birikimi, sekt\u00f6r\u00fcn g\u00fcncel bilgi ve teknolojisi ile siz de kalite, konfor ve esteti\u011fi WALLPrd. imzal\u0131 sistem tasar\u0131mlar\u0131 ile mekanlar\u0131n\u0131za ta\u015f\u0131y\u0131n!<\/p>\n\n\n\n<p class=\"has-black-color has-text-color has-normal-font-size\">G\u00fcr\u00fclt\u00fc Kontrol\u00fc Projeleri,<\/p>\n\n\n\n<p style=\"font-size:14px\">Hareketli b\u00f6lme duvarlar\u0131,havaland\u0131rma sistemleri,kullan\u0131lan i\u00e7 mimari dekorasyon materyalleri,a\u00e7\u0131k ve kapal\u0131 kap\u0131 pozisyonlar\u0131 vb. fiziksel konumlar akustik konforu bozan etkenlerdir.Gerekli t\u00fcm pozisyonlarda \u00f6l\u00e7\u00fcmler yap\u0131lmal\u0131 fiziksel de\u011fi\u015fiklikler uygulanmal\u0131 ve sonras\u0131nda tekrar \u00f6l\u00e7\u00fcmlenip raporlamalar\u0131 yap\u0131lmal\u0131d\u0131r.Konfordan emin olmakla sonu\u00e7land\u0131r\u0131lmal\u0131d\u0131r.<\/p>\n\n\n\n<p class=\"has-black-color has-text-color has-normal-font-size\">G\u00fcncel Teknoloji Ekipmanlar\u0131 i\u00e7in Uygulamal\u0131 Alanda E\u011fitim.<\/p>\n\n\n\n<p style=\"font-size:14px\">Ses sistemleri, \u0131\u015f\u0131k sistemleri, g\u00f6r\u00fcnt\u00fc sistemleri, sahne ekipmanlar\u0131, otomasyon sistemleri, acil anons sistemleri ve benzeri ekipmanlar\u0131n tek ve \u00e7oklu kombinasyonlar\u0131n\u0131 i\u00e7erir. Entegre edilmi\u015f sistemlerin nas\u0131l \u00e7al\u0131\u015ft\u0131\u011f\u0131na bak\u0131larak genel detaylar\u0131n\u0131n incelenmesi. ihtiya\u00e7 listesi olu\u015fturarak entegre sistemler nas\u0131l do\u011fru konfig\u00fcrasyonlarda kullan\u0131l\u0131r alternatif \u00e7\u00f6z\u00fcmler neler olabilir konular\u0131nda e\u011fitim sertifikalar\u0131.<\/p>\n\n\n\n<p class=\"has-black-color has-text-color has-normal-font-size\">Ekibimiz t\u00fcm teknoloji konular\u0131nda e\u011fitimini \u00fcretici firmalardan direkt al\u0131r ve size ta\u015f\u0131r<\/p>\n\n\n\n<p style=\"font-size:14px\">E\u011fitimlerimiz, dan\u0131\u015fmanl\u0131k verdi\u011fimiz projelerde bitim a\u015famas\u0131ndan sonra kurulacak ekibe verilir. Kurumlara \u00f6zel verilir. Ki\u015fiye \u00f6zel verilir. Toplu s\u0131n\u0131flarda 10 ki\u015filik yap\u0131land\u0131r\u0131lm\u0131\u015f gruplara verilir. Kiralama firmalar\u0131n\u0131n \u00e7al\u0131\u015fanlar\u0131na verilir.<\/p>\n","protected":false},"excerpt":{"rendered":"<p>PROJECT &amp; STAGESHOW TECHNOLOGY DESIGN. Technology Consultancy Application Education 2024 AVM,Sinema, tiyatro, hotel Balo salonu, konferans, toplant\u0131 salonlar\u0131, k\u00fclt\u00fcr merkezleri, akustik, elektro akustik proje sim\u00fclasyonu. Proje dan\u0131\u015fmanl\u0131\u011f\u0131, e\u011fitim ve uygulamalar\u0131. Alanlar\u0131nda Uzman ofis ve saha kadrosu.application &amp; education CONSULTANCY 35. Y\u0131ll\u0131k tecr\u00fcbesi ile WALLprd ekibi, sistem tasar\u0131m\u0131 ve dan\u0131\u015fmanl\u0131k hizmetleri ile sorular\u0131n\u0131z yan\u0131t\u0131, taleplerinizin \u00e7\u00f6z\u00fcm [&hellip;]<\/p>\n","protected":false},"author":2,"featured_media":255,"parent":0,"menu_order":1,"comment_status":"closed","ping_status":"closed","template":"","meta":{"footnotes":""},"class_list":["post-293","page","type-page","status-publish","has-post-thumbnail","hentry","has-featured-image"],"_links":{"self":[{"href":"https:\/\/wallprd.com\/index.php?rest_route=\/wp\/v2\/pages\/293","targetHints":{"allow":["GET"]}}],"collection":[{"href":"https:\/\/wallprd.com\/index.php?rest_route=\/wp\/v2\/pages"}],"about":[{"href":"https:\/\/wallprd.com\/index.php?rest_route=\/wp\/v2\/types\/page"}],"author":[{"embeddable":true,"href":"https:\/\/wallprd.com\/index.php?rest_route=\/wp\/v2\/users\/2"}],"replies":[{"embeddable":true,"href":"https:\/\/wallprd.com\/index.php?rest_route=%2Fwp%2Fv2%2Fcomments&post=293"}],"version-history":[{"count":101,"href":"https:\/\/wallprd.com\/index.php?rest_route=\/wp\/v2\/pages\/293\/revisions"}],"predecessor-version":[{"id":613,"href":"https:\/\/wallprd.com\/index.php?rest_route=\/wp\/v2\/pages\/293\/revisions\/613"}],"wp:featuredmedia":[{"embeddable":true,"href":"https:\/\/wallprd.com\/index.php?rest_route=\/wp\/v2\/media\/255"}],"wp:attachment":[{"href":"https:\/\/wallprd.com\/index.php?rest_route=%2Fwp%2Fv2%2Fmedia&parent=293"}],"curies":[{"name":"wp","href":"https:\/\/api.w.org\/{rel}","templated":true}]}}